{"id":1243,"date":"2020-12-12T23:23:28","date_gmt":"2020-12-12T21:23:28","guid":{"rendered":"http:\/\/dmsp.lt\/team\/rasa-valiukaite\/"},"modified":"2022-10-08T15:21:28","modified_gmt":"2022-10-08T12:21:28","slug":"rasa-valiukaite","status":"publish","type":"page","link":"http:\/\/dmsp.lt\/en\/team\/rasa-valiukaite\/","title":{"rendered":"Rasa Valiukait\u0117"},"content":{"rendered":"\n<div class=\"wp-block-group is-style-dmsp-style-3\"><div class=\"wp-block-group__inner-container is-layout-flow wp-block-group-is-layout-flow\">\n<div class=\"wp-block-group is-style-dmsp-style-5\"><div class=\"wp-block-group__inner-container is-layout-flow wp-block-group-is-layout-flow\">\n<figure class=\"wp-block-image size-large is-style-dmsp-style-2\"><img loading=\"lazy\" decoding=\"async\" width=\"470\" height=\"590\" src=\"http:\/\/dmsp.lt\/wp-content\/uploads\/2019\/06\/Rasa-Valiukaite.jpg\" alt=\"\" class=\"wp-image-964\" srcset=\"http:\/\/dmsp.lt\/wp-content\/uploads\/2019\/06\/Rasa-Valiukaite.jpg 470w, http:\/\/dmsp.lt\/wp-content\/uploads\/2019\/06\/Rasa-Valiukaite-239x300.jpg 239w\" sizes=\"auto, (max-width: 470px) 100vw, 470px\" \/><\/figure>\n\n\n<div class=\"wp-block-group\"><div class=\"wp-block-group__inner-container is-layout-flow wp-block-group-is-layout-flow\">\n<h4 class=\"is-style-dmsp-style-3 has-medium-font-size wp-block-heading\"><strong><strong><strong>Rasa Valiukait\u0117<\/strong><\/strong><\/strong><\/h4>\n\n\n\n<p class=\"has-text-color\" style=\"color:#0872af\"><em><strong><em><strong><em>Advokat\u0117<\/em><\/strong><\/em><\/strong><\/em><\/p>\n\n\n\n<div style=\"height:20px\" aria-hidden=\"true\" class=\"wp-block-spacer\"><\/div>\n\n\n<p class=\"dmsp-contact-line-2\">\n    <i class=\"fa fa-phone\"><\/i>    +370 611 20316<\/p>\n\n<p class=\"dmsp-contact-line-2\">\n    <i class=\"fa fa-envelope\"><\/i>    <a href=\"mailto:rasa.valiukaite@dmsp.lt\">rasa.valiukaite@dmsp.lt<\/a><\/p>\n\n\n<ul class=\"is-style-dmsp-style-2 wp-block-list\"><li><strong><em>Education<\/em><\/strong><ul><li>2011 Master of Law, Faculty of Law, Mykolas Romeris University (Lithuania)<\/li><li>2009 Bachelor of Law and International Trade, Faculty of Economics and Finance Management, Mykolas Romeris University (Lithuania)<\/li><\/ul><\/li><li><strong><em>Languages<\/em><\/strong><ul><li>Lithuanian, English<\/li><\/ul><\/li><li><strong><em>Professional activities<\/em><\/strong><ul><li>Nuo 2019 m. spalio m\u0117n. advokat\u0117, Advokat\u0173 kontora Drak\u0161as, Mekionis ir partneriai<\/li><li>As of 28 August, 2015 2015 associate at law firm Drak\u0161as, Mekionis and Partners<\/li><li>2013\u20132015 associate at law firm \u201cSviderskis, Kaminskien\u0117 and Partners\u201d<\/li><li>2012\u20132013 lawyer at law firm \u201cSviderskis, Kaminskien\u0117 and Partners\u201d<\/li><li>2011\u20132012 lawyer\u2019s assistant at JSC \u201cEkskomisar\u0173 biuras\u201d<\/li><li>2010\u20132011 lawyer at law firm \u201cJudickien\u0117, Grei\u010dius and Partners JUREX\u201d<\/li><\/ul><\/li><li><strong><em>Other activities<\/em><\/strong><ul><li>Since 2013 conducts workshops on public procurement<\/li><\/ul><\/li><\/ul><\/div><\/div>\n<\/div><\/div>\n<\/div><\/div>\n","protected":false},"excerpt":{"rendered":"<p>Rasa Valiukait\u0117 Advokat\u0117 Education 2011 Master of Law, Faculty of Law, Mykolas Romeris University (Lithuania) 2009 Bachelor of Law and International Trade, Faculty of Economics and Finance Management, Mykolas Romeris University (Lithuania) Languages Lithuanian, English Professional activities Nuo 2019 m. spalio m\u0117n. advokat\u0117, Advokat\u0173 kontora Drak\u0161as, Mekionis ir partneriai As of 28 August, 2015 2015 [&hellip;]<\/p>\n","protected":false},"author":2,"featured_media":0,"parent":1165,"menu_order":22,"comment_status":"closed","ping_status":"closed","template":"","meta":{"footnotes":""},"class_list":["post-1243","page","type-page","status-publish","hentry"],"_links":{"self":[{"href":"http:\/\/dmsp.lt\/en\/wp-json\/wp\/v2\/pages\/1243\/"}],"collection":[{"href":"http:\/\/dmsp.lt\/en\/wp-json\/wp\/v2\/pages\/"}],"about":[{"href":"http:\/\/dmsp.lt\/en\/wp-json\/wp\/v2\/types\/page\/"}],"author":[{"embeddable":true,"href":"http:\/\/dmsp.lt\/en\/wp-json\/wp\/v2\/users\/2\/"}],"replies":[{"embeddable":true,"href":"http:\/\/dmsp.lt\/en\/wp-json\/wp\/v2\/comments\/?post=1243"}],"version-history":[{"count":9,"href":"http:\/\/dmsp.lt\/en\/wp-json\/wp\/v2\/pages\/1243\/revisions\/"}],"predecessor-version":[{"id":1550,"href":"http:\/\/dmsp.lt\/en\/wp-json\/wp\/v2\/pages\/1243\/revisions\/1550\/"}],"up":[{"embeddable":true,"href":"http:\/\/dmsp.lt\/en\/wp-json\/wp\/v2\/pages\/1165\/"}],"wp:attachment":[{"href":"http:\/\/dmsp.lt\/en\/wp-json\/wp\/v2\/media\/?parent=1243"}],"curies":[{"name":"wp","href":"https:\/\/api.w.org\/{rel}","templated":true}]}}