{"id":1238,"date":"2020-12-12T23:21:47","date_gmt":"2020-12-12T21:21:47","guid":{"rendered":"http:\/\/dmsp.lt\/team\/andrej-rudanov\/"},"modified":"2020-12-13T19:16:51","modified_gmt":"2020-12-13T17:16:51","slug":"andrej-rudanov","status":"publish","type":"page","link":"http:\/\/dmsp.lt\/en\/team\/andrej-rudanov\/","title":{"rendered":"Andrej Rudanov"},"content":{"rendered":"\n<div class=\"wp-block-group is-style-dmsp-style-5\"><div class=\"wp-block-group__inner-container is-layout-flow wp-block-group-is-layout-flow\">\n<figure class=\"wp-block-image size-large is-style-dmsp-style-2\"><img loading=\"lazy\" decoding=\"async\" width=\"783\" height=\"1024\" src=\"http:\/\/dmsp.lt\/wp-content\/uploads\/2019\/06\/Andrej-e1559638814360-783x1024.jpg\" alt=\"\" class=\"wp-image-940\" srcset=\"http:\/\/dmsp.lt\/wp-content\/uploads\/2019\/06\/Andrej-e1559638814360-783x1024.jpg 783w, http:\/\/dmsp.lt\/wp-content\/uploads\/2019\/06\/Andrej-e1559638814360-229x300.jpg 229w, http:\/\/dmsp.lt\/wp-content\/uploads\/2019\/06\/Andrej-e1559638814360-768x1004.jpg 768w\" sizes=\"auto, (max-width: 783px) 100vw, 783px\" \/><\/figure>\n\n\n\n<div class=\"wp-block-group\"><div class=\"wp-block-group__inner-container is-layout-flow wp-block-group-is-layout-flow\">\n<h4 class=\"is-style-dmsp-style-3 has-medium-font-size wp-block-heading\"><strong><strong><strong><strong>Andrej Rudanov<\/strong><\/strong><\/strong><\/strong><\/h4>\n\n\n\n<p class=\"has-text-color\" style=\"color:#0872af\"><em><strong><em><strong><em><em><strong>Head of Life Sciences<br>Practice Group<\/strong><\/em><\/em><\/strong><\/em><\/strong><\/em><\/p>\n\n\n\n<div style=\"height:20px\" aria-hidden=\"true\" class=\"wp-block-spacer\"><\/div>\n\n\n<p class=\"dmsp-contact-line-2\">\n    <i class=\"fa fa-phone\"><\/i>    +370 686 80049<\/p>\n\n<p class=\"dmsp-contact-line-2\">\n    <i class=\"fa fa-envelope\"><\/i>    <a href=\"mailto:andrej.rudanov@dmsp.lt\">andrej.rudanov@dmsp.lt<\/a><\/p>\n\n\n<ul class=\"is-style-dmsp-style-2 wp-block-list\"><li><strong><em>Education<\/em><\/strong><ul><li>2017 Master of Business Administration, Vilnius Gediminas Technical University<\/li><li>2017 Master of Business Administration, Moscow\u2019s Lomonosov State University (Russia)<\/li><li>2003 Master of Law, Vilnius University (Lithuania)<\/li><\/ul><\/li><li><strong><em>Languages<\/em><\/strong><ul><li>Lithuanian, English, Russian<\/li><\/ul><\/li><li><strong><em>Professional activities<\/em><\/strong><ul><li>17 years of experience in law in the field of healthcare and life sciences<\/li><li>As of 2016 &#8211; Head of Life Sciences Practice Group at law firm Drak\u0161as, Mekionis, Smirnov and Partners<\/li><li>2007\u20132016 senior associate at law firm TGS Baltic (formerly TARK, GRUNTE, SUTKIENE and Sutkien\u0117, Pilkauskas and Partners)<\/li><li>2007 Head of Drugs Safety and Information Department, State Medicine Control Agency<\/li><li>2006\u20132007 deputy director at Pharmaceutical Products Distribution Inspectorate, State Medicine Control Agency<\/li><li>2006 head of Licensing Department at State Medicine Control Agency<\/li><li>2003\u20132006 lawyer (senior specialist) at Pharmaceuticals Department under the Ministry of Health<\/li><li>2000\u20132003 assistant to member of parliament in the Healthcare Committee of Parliament of the Republic of Lithuania<\/li><\/ul><\/li><li><strong><em>Academical activities<\/em><\/strong><ul><li>2016\u20132017 assistant at Vilnius University, Faculty of Medicine. Subject \u2013 pharmaceutical law<\/li><li>2004\u20132008 lecturer, assistant at Pharmacy Department of Lithuanian University of Health Sciences. Subjects \u2013 pharmaceutical law, GMP, GDP, GPP<\/li><\/ul><\/li><li><strong><em>Areas of expertise<\/em><\/strong><ul><li>Healthcare and life sciences covers:<\/li><li><strong>By business industries: <\/strong><em>healthcare and medical services <\/em>(family medicine, odontology, orthopedics and traumatology, plastic surgery, diabetes, oncology and other services), <em>pharmaceutical areas<\/em>(medicinal products, advanced therapy medicinal products, homeopathy, medical devices), <em>food areas including agriculture <\/em>(seed and grain, meat products, milk and other products, mineral water and soft drinks, food supplements and other), <em>cosmetics and health promotion <\/em>(functional cosmetics, aromatherapy, SPA and other)<\/li><li><strong>By content and scope of legal services: <\/strong>legislative process, product introduction to market, product registration and notification services, obtaining licenses and permits, clinical trials, data protection, e-health and national health registers, commercial secrets, patient contracts, legal advice on marketing, commercials and product promotion, risk control, good manufacturing practice, good distribution practice, good pharmaceutical practice, description and protocols of healthcare procedures<\/li><\/ul><\/li><li><strong><em>Publications<\/em><\/strong><ul><li>Chapter 5 &#8220;Staff matters&#8221; in the Office Administration Guide. Verslo \u017einios, 2008 m. rugs\u0117jo m\u0117n.<\/li><li>New Wording Ff the Law Nn the Rights of Patients and Compensation of Damage To Their Health: Physician vs Patient Or Physician With the Patient? Lietuvos gydytojo \u017eurnalas. 2010, No. 4.<\/li><li>Role Of a Physician In The Investigation of Occupational Accidents And Diagnosis Of Occupational Diseases. Possible Consequences. Lietuvos gydytojo \u017eurnalas. 2009, No. 10-11.<\/li><li>Informed patient consent: whether necessary in all cases and in what form. Lietuvos gydytojo \u017eurnalas. 2009, Nr. 8.<\/li><li>Liability Insurance in the Health System: Theory And Practice. Lietuvos gydytojo \u017eurnalas. 2009, No. 4<\/li><li>Legal Regulation of Medicinal Product Promotion. Farmacija ir laikas. 2010, No. 3<\/li><\/ul><ul><li>Competence and Responsibilities of Pharmacy Manager, Pharmaceutical Activities Manager and Pharmaceutical Specialist. Implementation of Good Pharmaceutical Practice. Farmacija ir laikas. 2010, No. 1<\/li><li>Parallel Imports and Repackaging in Pharmaceutical Activities. Farmacija ir laikas. 2009, No. 10<\/li><li>Professional Secrets in the Work of a Pharmacist \u2013 What is It? Farmacija ir laikas. 2009, No. 6<\/li><li>Patient\u2019s Privacy v. Pharmacists Responsibility. Farmacija ir laikas. 2009, No. 4<\/li><li>What Does Patient Expect from a Pharmacy? Pharmaceutical Services from Patient Perspective. Farmacija ir laikas. 2009, No. 1<\/li><li>Lithuanian Chamber of Pharmacists. Causes and conditions of occurrence. Farmacija ir laikas. 2008, Nr. 8.<\/li><li>Legal Aspects of Pharmaeconomics: Reimbursed Medicinal Products and Pharmaceutical Services. Farmacija ir laikas. 2008, No. 6<\/li><li>Pharmacists and Pharmacy Specialists Responsibility for Damage Caused to Patients. Farmacija ir laikas. 2008, No. 5<\/li><li>Food Supplements for Medicinal Purposes: How Can It Be Done? Farmacija ir laikas. 2008, No. 4<\/li><li>Guidelines for Preparation of Pharmacy Practice and Procedures. Farmacija ir laikas. 2008, Nr. 2\u20133.<\/li><li>Legal Regulation of Pharmaceutical Waste: Rights, Obligations and Responsibilities. Farmacija ir laikas. 2008, No. 1<\/li><li>Development and implementation of a guide to good pharmacy practice and procedures. Farmacija ir laikas. 2007, Nr. 9.<\/li><li>Quality management and application of its principles in pharmacy activities. Pharmacy and time. 2007, Nr. 8.<\/li><li>The work of a pharmacist and a pharmacist&#8217;s assistant (pharmacist) in a pharmacy: rights and obligations. Farmacija ir laikas. 2007, Nr. 7.<\/li><li>Activities and Legal Requirements for a Pharmacy Specialist: Violations, Liability and Sanctions. Farmacija ir laikas. 2007, No. 5<\/li><li>New law and the work of pharmaceutical professionals. Farmacija ir laikas. 2006, Nr. 7.<\/li><li>Trade union: a tool to protect the interests of employees or the interests of the employer? Farmacija ir laikas. 2005, Nr. 6.<\/li><li>Establishment and development of pharmacy networks: legal conditions and preconditions. Farmacija ir laikas. 2004, Nr. 3.<\/li><li>Understanding Competition Requirements in the Context of Pharmacies. Farmacija ir laikas. 2003, No. 9<\/li><li>Errare Humanum Est. Sed Medico? Medicinos ir farmacijos \u017einios. 2003, Nr. 4-5<\/li><li>Legal Requirements of Compensating Patients Damages. Medicinos ir farmacijos \u017einios. 2003, No. 3<\/li><li>Reprimanding a Doctor. On What Grounds? Medicinos ir farmacijos \u017einios. 2003, Nr. 2<\/li><li>Dismissing a Doctor From Work. Medicinos ir farmacijos \u017einios. 2003, No. 1<\/li><\/ul><\/li><\/ul>\n<\/div><\/div>\n<\/div><\/div>\n","protected":false},"excerpt":{"rendered":"<p>Andrej Rudanov Head of Life SciencesPractice Group Education 2017 Master of Business Administration, Vilnius Gediminas Technical University 2017 Master of Business Administration, Moscow\u2019s Lomonosov State University (Russia) 2003 Master of Law, Vilnius University (Lithuania) Languages Lithuanian, English, Russian Professional activities 17 years of experience in law in the field of healthcare and life sciences As [&hellip;]<\/p>\n","protected":false},"author":2,"featured_media":0,"parent":1165,"menu_order":20,"comment_status":"closed","ping_status":"closed","template":"","meta":{"footnotes":""},"class_list":["post-1238","page","type-page","status-publish","hentry"],"_links":{"self":[{"href":"http:\/\/dmsp.lt\/en\/wp-json\/wp\/v2\/pages\/1238\/"}],"collection":[{"href":"http:\/\/dmsp.lt\/en\/wp-json\/wp\/v2\/pages\/"}],"about":[{"href":"http:\/\/dmsp.lt\/en\/wp-json\/wp\/v2\/types\/page\/"}],"author":[{"embeddable":true,"href":"http:\/\/dmsp.lt\/en\/wp-json\/wp\/v2\/users\/2\/"}],"replies":[{"embeddable":true,"href":"http:\/\/dmsp.lt\/en\/wp-json\/wp\/v2\/comments\/?post=1238"}],"version-history":[{"count":5,"href":"http:\/\/dmsp.lt\/en\/wp-json\/wp\/v2\/pages\/1238\/revisions\/"}],"predecessor-version":[{"id":1388,"href":"http:\/\/dmsp.lt\/en\/wp-json\/wp\/v2\/pages\/1238\/revisions\/1388\/"}],"up":[{"embeddable":true,"href":"http:\/\/dmsp.lt\/en\/wp-json\/wp\/v2\/pages\/1165\/"}],"wp:attachment":[{"href":"http:\/\/dmsp.lt\/en\/wp-json\/wp\/v2\/media\/?parent=1238"}],"curies":[{"name":"wp","href":"https:\/\/api.w.org\/{rel}","templated":true}]}}