{"id":1172,"date":"2020-12-12T22:25:21","date_gmt":"2020-12-12T20:25:21","guid":{"rendered":"http:\/\/dmsp.lt\/team\/romualdas-draksas\/"},"modified":"2024-06-04T10:59:22","modified_gmt":"2024-06-04T07:59:22","slug":"romualdas-draksas","status":"publish","type":"page","link":"http:\/\/dmsp.lt\/en\/team\/romualdas-draksas\/","title":{"rendered":"Romualdas Drak\u0161as"},"content":{"rendered":"\n<div class=\"wp-block-group is-style-dmsp-style-3\"><div class=\"wp-block-group__inner-container is-layout-flow wp-block-group-is-layout-flow\">\n<div class=\"wp-block-group is-style-dmsp-style-5\"><div class=\"wp-block-group__inner-container is-layout-flow wp-block-group-is-layout-flow\">\n<figure class=\"wp-block-image size-large is-style-dmsp-style-2\"><img loading=\"lazy\" decoding=\"async\" width=\"470\" height=\"590\" src=\"http:\/\/dmsp.lt\/wp-content\/uploads\/2019\/06\/Romualdas-Draksas.jpg\" alt=\"\" class=\"wp-image-967\" srcset=\"http:\/\/dmsp.lt\/wp-content\/uploads\/2019\/06\/Romualdas-Draksas.jpg 470w, http:\/\/dmsp.lt\/wp-content\/uploads\/2019\/06\/Romualdas-Draksas-239x300.jpg 239w\" sizes=\"auto, (max-width: 470px) 100vw, 470px\" \/><\/figure>\n\n\n\n<div class=\"wp-block-group\"><div class=\"wp-block-group__inner-container is-layout-flow wp-block-group-is-layout-flow\">\n<h4 class=\"is-style-dmsp-style-3 has-medium-font-size wp-block-heading\">Professor Dr. <strong>Romualdas Drak\u0161as<\/strong><\/h4>\n\n\n\n<p class=\"has-text-color\" style=\"color:#0872af\"><em><strong>Attorney at law, Partner<br>Head of law firm<\/strong><\/em><\/p>\n\n\n\n<div style=\"height:20px\" aria-hidden=\"true\" class=\"wp-block-spacer\"><\/div>\n\n\n<p class=\"dmsp-contact-line-2\">\n    <i class=\"fa fa-phone\"><\/i>    +370 698 20405<\/p>\n\n<p class=\"dmsp-contact-line-2\">\n    <i class=\"fa fa-envelope\"><\/i>    <a href=\"mailto:romualdas.draksas@dmsp.lt\">romualdas.draksas@dmsp.lt<\/a><\/p>\n\n<p class=\"dmsp-contact-line-2\">\n    <i class=\"fa fa-link\"><\/i>    <a href=\"http:\/\/www.draksas.lt\/\" target=\"_blank\">www.draksas.lt<\/a><\/p>\n\n\n<ul class=\"is-style-dmsp-style-2 wp-block-list\"><li><strong><em>Education<\/em><\/strong><ul><li>2002 Doctoral Degree in Social Sciences (Law), Faculty of Law, Vilnius University (Lithuania)<\/li><li>1994 Master of Law, Faculty of Law, Vilnius University (Lithuania)<\/li><\/ul><\/li><li><strong><em>Languages<\/em><\/strong><ul><li>Lithuanian, English, Russian, German<\/li><\/ul><\/li><li><strong><em>Professional activities<\/em><\/strong><ul><li>Attorney at law since 1997<\/li><li>As of 28 August, 2015 advocate, partner and head of law firm Drak\u0161as, Mekionis and Partners 2012-2015 advocate at law firm TARK, GRUNTE, SUTKIENE<\/li><li>2012\u20132015 advocate at law firm TARK, GRUNTE, SUTKIENE<\/li><li>1997\u20132012 advocate at Romualdas Drak\u0161as law firm<\/li><li>1994\u20131997 advocate&#8217;s assistant at 1st Law Firm of Vilnius<\/li><\/ul><\/li><li><strong><em>Academical activities<\/em><\/strong><ul><li>As of 1st September, 2010 professor at Mykolas Romeris University, Faculty of Law, Institute of Criminal Law and Criminal Proceedings<\/li><li>2003\u20132010 associate professor at Vilnius University, Faculty of Law, Department of Criminal Law<\/li><li>2002\u20132003 lecturer at Vilnius University, Faculty of Law, Department of Criminal Law<\/li><li>1999\u20132002 assistant at Vilnius University, Faculty of Law, Department of Criminal Law<\/li><\/ul><\/li><li><strong><em>Membership<\/em><\/strong><ul><li>Member of Lithuanian Bar Association<\/li><li>Member of Criminal and Criminal Procedure Law Committee&nbsp;at the&nbsp;Lithuanian Bar Association<\/li><li>Member of Fellowship of Lawyers<\/li><li>Member of editorial board of the magazine \u201cLithuania Bar Association\u201d<\/li><li>Member of Lithuanian Criminologist Association<\/li><li>Expert of the Lithuanian Science Council (since 2013)<\/li><\/ul><\/li><li><strong><em>Internships, etc.<\/em><\/strong><ul><li>2007 internship at Helsinki University (Finland)<\/li><li>2007 internship at Maks Plank Institute (Freiburg, Germany)<\/li><li>1993\u20131994 internship at court of city of Achen (Germany)<\/li><\/ul><\/li><li><strong><em>Publications<\/em><\/strong><ul><li>Author and co-author of more than 50 scientific articles, monographs, books and reviews<\/li><li>Monograph \u201cLawyer: Basics and Problems of Activities\u201d (2012)<\/li><li>Training book \u201cCriminal Law (educational material)\u201d (2012)<\/li><li>Monograph \u201cCriminal Liability And Forms of It\u2019s Realization\u201d (2008)<\/li><li>R. Drak\u0161as, A. Drak\u0161ien\u0117 \u201cCriminal Liability of Juveniles\u201d, textbook: second revised and supplemented edition (2008)<\/li><li>R. Drak\u0161as, A. Drak\u0161ien\u0117 \u201cCriminal Liability of Juveniles\u201d (2007)<\/li><li>\u201cImportant Questions on Juvenile Criminal Liability\u201d (2005)<\/li><li>Monograph \u201cDeath Penalty: Situation and Prospects\u201d (2002)<\/li><\/ul><\/li><\/ul>\n\n\n\n<p><em><em>A complete list of publications&nbsp;can be found at<\/em>: <a rel=\"noreferrer noopener\" href=\"http:\/\/www.draksas.lt\/\" target=\"_blank\">www.draksas.lt<\/a>.<\/em><\/p>\n<\/div><\/div>\n<\/div><\/div>\n<\/div><\/div>\n","protected":false},"excerpt":{"rendered":"<p>Professor Dr. Romualdas Drak\u0161as Attorney at law, PartnerHead of law firm Education 2002 Doctoral Degree in Social Sciences (Law), Faculty of Law, Vilnius University (Lithuania) 1994 Master of Law, Faculty of Law, Vilnius University (Lithuania) Languages Lithuanian, English, Russian, German Professional activities Attorney at law since 1997 As of 28 August, 2015 advocate, partner and [&hellip;]<\/p>\n","protected":false},"author":2,"featured_media":0,"parent":1165,"menu_order":1,"comment_status":"closed","ping_status":"closed","template":"","meta":{"footnotes":""},"class_list":["post-1172","page","type-page","status-publish","hentry"],"_links":{"self":[{"href":"http:\/\/dmsp.lt\/en\/wp-json\/wp\/v2\/pages\/1172\/"}],"collection":[{"href":"http:\/\/dmsp.lt\/en\/wp-json\/wp\/v2\/pages\/"}],"about":[{"href":"http:\/\/dmsp.lt\/en\/wp-json\/wp\/v2\/types\/page\/"}],"author":[{"embeddable":true,"href":"http:\/\/dmsp.lt\/en\/wp-json\/wp\/v2\/users\/2\/"}],"replies":[{"embeddable":true,"href":"http:\/\/dmsp.lt\/en\/wp-json\/wp\/v2\/comments\/?post=1172"}],"version-history":[{"count":15,"href":"http:\/\/dmsp.lt\/en\/wp-json\/wp\/v2\/pages\/1172\/revisions\/"}],"predecessor-version":[{"id":1610,"href":"http:\/\/dmsp.lt\/en\/wp-json\/wp\/v2\/pages\/1172\/revisions\/1610\/"}],"up":[{"embeddable":true,"href":"http:\/\/dmsp.lt\/en\/wp-json\/wp\/v2\/pages\/1165\/"}],"wp:attachment":[{"href":"http:\/\/dmsp.lt\/en\/wp-json\/wp\/v2\/media\/?parent=1172"}],"curies":[{"name":"wp","href":"https:\/\/api.w.org\/{rel}","templated":true}]}}